{"id":5846,"date":"2025-01-21T11:08:11","date_gmt":"2025-01-21T11:08:11","guid":{"rendered":"https:\/\/solarspektarag.mk\/pobaraj-ponuda-za-odrzuvanje\/"},"modified":"2025-07-23T08:13:23","modified_gmt":"2025-07-23T08:13:23","slug":"pobaraj-ponuda-za-odrzuvanje","status":"publish","type":"page","link":"https:\/\/solarspektarag.mk\/sr\/pobaraj-ponuda-za-odrzuvanje\/","title":{"rendered":"Zatra\u017eite ponudu za odr\u017eavanje"},"content":{"rendered":"\t\t<div data-elementor-type=\"wp-page\" data-elementor-id=\"5846\" class=\"elementor elementor-5846\">\n\t\t\t\t\t\t<div class=\"elementor-inner\">\n\t\t\t\t<div class=\"elementor-section-wrap\">\n\t\t\t\t\t\t\t\t\t<section class=\"elementor-section elementor-top-section elementor-element elementor-element-3ec38ba2 elementor-section-full_width elementor-section-height-min-height elementor-section-content-middle elementor-section-height-default elementor-section-items-middle wpr-particle-no wpr-jarallax-no wpr-parallax-no wpr-sticky-section-no\" data-id=\"3ec38ba2\" data-element_type=\"section\" data-settings=\"{&quot;background_background&quot;:&quot;classic&quot;,&quot;shape_divider_bottom&quot;:&quot;opacity-fan&quot;}\">\n\t\t\t\t\t\t\t<div class=\"elementor-background-overlay\"><\/div>\n\t\t\t\t\t\t<div class=\"elementor-shape elementor-shape-bottom\" data-negative=\"false\">\n\t\t\t<svg xmlns=\"http:\/\/www.w3.org\/2000\/svg\" viewBox=\"0 0 283.5 19.6\" preserveAspectRatio=\"none\">\n\t<path class=\"elementor-shape-fill\" style=\"opacity:0.33\" d=\"M0 0L0 18.8 141.8 4.1 283.5 18.8 283.5 0z\"\/>\n\t<path class=\"elementor-shape-fill\" style=\"opacity:0.33\" d=\"M0 0L0 12.6 141.8 4 283.5 12.6 283.5 0z\"\/>\n\t<path class=\"elementor-shape-fill\" style=\"opacity:0.33\" d=\"M0 0L0 6.4 141.8 4 283.5 6.4 283.5 0z\"\/>\n\t<path class=\"elementor-shape-fill\" d=\"M0 0L0 1.2 141.8 4 283.5 1.2 283.5 0z\"\/>\n<\/svg>\t\t<\/div>\n\t\t\t\t\t<div class=\"elementor-container elementor-column-gap-no\">\n\t\t\t\t\t\t\t<div class=\"elementor-row\">\n\t\t\t\t\t<div class=\"elementor-column elementor-col-100 elementor-top-column elementor-element elementor-element-72e2bf0c\" data-id=\"72e2bf0c\" data-element_type=\"column\">\n\t\t\t<div class=\"elementor-column-wrap elementor-element-populated\">\n\t\t\t\t\t\t\t<div class=\"elementor-widget-wrap\">\n\t\t\t\t\t\t<div class=\"elementor-element elementor-element-343afd0 elementor-widget__width-inherit elementor-widget elementor-widget-heading\" data-id=\"343afd0\" data-element_type=\"widget\" data-widget_type=\"heading.default\">\n\t\t\t\t<div class=\"elementor-widget-container\">\n\t\t\t<h1 class=\"elementor-heading-title elementor-size-xxl\">Zatra\u017eite ponudu za odr\u017eavanje<\/h1>\t\t<\/div>\n\t\t\t\t<\/div>\n\t\t\t\t\t\t<\/div>\n\t\t\t\t\t<\/div>\n\t\t<\/div>\n\t\t\t\t\t\t\t\t<\/div>\n\t\t\t\t\t<\/div>\n\t\t<\/section>\n\t\t\t\t<section class=\"elementor-section elementor-top-section elementor-element elementor-element-c3a84c4 elementor-section-boxed elementor-section-height-default elementor-section-height-default wpr-particle-no wpr-jarallax-no wpr-parallax-no wpr-sticky-section-no\" data-id=\"c3a84c4\" data-element_type=\"section\">\n\t\t\t\t\t\t<div class=\"elementor-container elementor-column-gap-default\">\n\t\t\t\t\t\t\t<div class=\"elementor-row\">\n\t\t\t\t\t<div class=\"elementor-column elementor-col-100 elementor-top-column elementor-element elementor-element-e70bcc0\" data-id=\"e70bcc0\" data-element_type=\"column\">\n\t\t\t<div class=\"elementor-column-wrap elementor-element-populated\">\n\t\t\t\t\t\t\t<div class=\"elementor-widget-wrap\">\n\t\t\t\t\t\t<div class=\"elementor-element elementor-element-f1200f2 elementor-widget elementor-widget-formidable\" data-id=\"f1200f2\" data-element_type=\"widget\" data-widget_type=\"formidable.default\">\n\t\t\t\t<div class=\"elementor-widget-container\">\n\t\t\t<div class=\"frm_forms  with_frm_style frm_center_submit frm_style_formidable-style\" id=\"frm_form_7_container\" data-token=\"2da1e4d0093c4de36a2bcd8097bc75ba\">\n<form enctype=\"multipart\/form-data\" method=\"post\" class=\"frm-show-form  frm_js_validate  frm_ajax_submit  frm_pro_form  frm_slidein \" id=\"form_request-maintenance-quote2\" data-token=\"2da1e4d0093c4de36a2bcd8097bc75ba\">\n<div class=\"frm_form_fields  frm_page_num_1\">\n<fieldset>\n<legend class=\"frm_screen_reader\">Request a maintenance quote-RS<\/legend>\r\n\r\n<div class=\"frm_fields_container\">\n<div class=\"frm_rootline_group\" role=\"group\" tabindex=\"0\" aria-label=\"Page 1 of 4\" ><ul class=\"frm_page_bar frm_rootline_4 frm_rootline frm_rootline_line  frm_show_lines frm_show_titles\"><li class=\"frm_rootline_single frm_current_page\"><input type=\"button\" value=\"1\" data-page=\"\" class=\" frm_page_1\" aria-disabled=\"true\" data-field=\"0\" aria-label=\"Lokacija, vrsta opreme i kapacitet elektrane\"  \/><span class=\"frm_rootline_title\">Lokacija, vrsta opreme i kapacitet elektrane<\/span><\/li><li class=\"frm_rootline_single\"><input type=\"button\" value=\"2\" data-page=\"15\" class=\"frm_page_skip frm_page_2\" data-field=\"97\" aria-label=\"Godina izgradnje i izvo\u0111a\u010d radova\"  \/><span class=\"frm_rootline_title\">Godina izgradnje i izvo\u0111a\u010d radova<\/span><\/li><li class=\"frm_rootline_single\"><input type=\"button\" value=\"3\" data-page=\"21\" class=\"frm_page_skip frm_page_3\" data-field=\"100\" aria-label=\"Kontakt informacije\"  \/><span class=\"frm_rootline_title\">Kontakt informacije<\/span><\/li>\t\t<li class=\"frm_rootline_single frm_rootline_show_hidden_steps_btn frm_hidden\">\n\t\t\t<input type=\"button\" class=\"frm_rootline_show_more_btn\" value=\"\u00b7\u00b7\u00b7\" \/>\n\t\t\t<ul class=\"frm_rootline_hidden_steps frm_hidden\"><\/ul>\n\t\t<\/li>\n\t\t<li class=\"frm_rootline_single\"><input type=\"button\" value=\"4\" data-page=\"33\" class=\"frm_page_skip frm_page_4\" data-field=\"106\" aria-label=\"Pregled i potvrda\"  \/><span class=\"frm_rootline_title\">Pregled i potvrda<\/span><\/li><\/ul><div class=\"frm_clearfix\"><\/div><\/div><input type=\"hidden\" name=\"frm_action\" value=\"create\" \/>\n<input type=\"hidden\" name=\"form_id\" value=\"7\" \/>\n<input type=\"hidden\" name=\"frm_hide_fields_7\" id=\"frm_hide_fields_7\" value=\"\" \/>\n<input type=\"hidden\" name=\"form_key\" value=\"request-maintenance-quote2\" \/>\n<input type=\"hidden\" name=\"item_meta[0]\" value=\"\" \/>\n<input type=\"hidden\" id=\"frm_submit_entry_7\" name=\"frm_submit_entry_7\" value=\"3c95516913\" \/><input type=\"hidden\" name=\"_wp_http_referer\" value=\"\/sr\/wp-json\/wp\/v2\/pages\/5846\" \/><div id=\"frm_field_90_container\" class=\"frm_form_field  frm_html_container form-field\">Lokacija fotonaponske elektrane (unesite koordinate)<\/div>\n<div id=\"frm_field_91_container\" class=\"frm_form_field form-field  frm_required_field frm_top_container frm6 frm_first\">\r\n\t<label for=\"field_9xs6y3\" id=\"field_9xs6y3_label\" class=\"frm_primary_label\">N\r\n\t\t<span class=\"frm_required\" aria-hidden=\"true\">*<\/span>\r\n\t<\/label>\r\n\t<input type=\"text\" id=\"field_9xs6y3\" name=\"item_meta[91]\" value=\"\"  data-reqmsg=\"N cannot be blank.\" aria-required=\"true\" data-invmsg=\"N is invalid\" aria-invalid=\"false\"  \/>\r\n\t\r\n\t\r\n<\/div>\n<div id=\"frm_field_92_container\" class=\"frm_form_field form-field  frm_required_field frm_top_container frm6\">\r\n\t<label for=\"field_zy9i63\" id=\"field_zy9i63_label\" class=\"frm_primary_label\">E\r\n\t\t<span class=\"frm_required\" aria-hidden=\"true\">*<\/span>\r\n\t<\/label>\r\n\t<input type=\"text\" id=\"field_zy9i63\" name=\"item_meta[92]\" value=\"\"  data-reqmsg=\"E cannot be blank.\" aria-required=\"true\" data-invmsg=\"E is invalid\" aria-invalid=\"false\"  \/>\r\n\t\r\n\t\r\n<\/div>\n<div id=\"frm_field_93_container\" class=\"frm_form_field form-field  frm_required_field frm_top_container vertical_radio\">\r\n\t<div  id=\"field_ldrhw3_label\" class=\"frm_primary_label\">Fotonaponska elektrana je izgra\u0111ena \r\n\t\t<span class=\"frm_required\" aria-hidden=\"true\">*<\/span>\r\n\t<\/div>\r\n\t<div class=\"frm_opt_container\" aria-labelledby=\"field_ldrhw3_label\" role=\"radiogroup\" aria-required=\"true\">\t\t<div class=\"frm_radio\" id=\"frm_radio_93-0\">\t\t\t<label  for=\"field_ldrhw3-0\">\n\t\t\t\t\t<input type=\"radio\" name=\"item_meta[93]\" id=\"field_ldrhw3-0\" value=\"na tlu\"\n\t\t   data-reqmsg=\"Fotonaponska elektrana je izgra\u0111ena  cannot be blank.\" data-invmsg=\"Fotonaponska elektrana je izgra\u0111ena  ne postoji\" aria-invalid=\"false\"  \/> na tlu<\/label><\/div>\n\t\t<div class=\"frm_radio\" id=\"frm_radio_93-1\">\t\t\t<label  for=\"field_ldrhw3-1\">\n\t\t\t\t\t<input type=\"radio\" name=\"item_meta[93]\" id=\"field_ldrhw3-1\" value=\"na krov\"\n\t\t   data-reqmsg=\"Fotonaponska elektrana je izgra\u0111ena  cannot be blank.\" data-invmsg=\"Fotonaponska elektrana je izgra\u0111ena  ne postoji\" aria-invalid=\"false\"  \/> na krov<\/label><\/div>\n<\/div>\r\n\t\r\n\t\r\n<\/div>\n<div id=\"frm_field_94_container\" class=\"frm_form_field form-field  frm_required_field frm_top_container\">\r\n\t<label for=\"field_mdxb13\" id=\"field_mdxb13_label\" class=\"frm_primary_label\">Fotonaponski paneli\r\n\t\t<span class=\"frm_required\" aria-hidden=\"true\">*<\/span>\r\n\t<\/label>\r\n\t<input type=\"text\" id=\"field_mdxb13\" name=\"item_meta[94]\" value=\"\"  data-reqmsg=\"Fotonaponski paneli cannot be blank.\" aria-required=\"true\" data-invmsg=\"Fotonaponski paneli is invalid\" aria-invalid=\"false\"  \/>\r\n\t\r\n\t\r\n<\/div>\n<div id=\"frm_field_95_container\" class=\"frm_form_field form-field  frm_required_field frm_top_container\">\r\n\t<label for=\"field_b4nht3\" id=\"field_b4nht3_label\" class=\"frm_primary_label\">Invertori\r\n\t\t<span class=\"frm_required\" aria-hidden=\"true\">*<\/span>\r\n\t<\/label>\r\n\t<input type=\"text\" id=\"field_b4nht3\" name=\"item_meta[95]\" value=\"\"  data-reqmsg=\"Invertori cannot be blank.\" aria-required=\"true\" data-invmsg=\"Invertori is invalid\" aria-invalid=\"false\"  \/>\r\n\t\r\n\t\r\n<\/div>\n<div id=\"frm_field_96_container\" class=\"frm_form_field form-field  frm_required_field frm_top_container\">\r\n\t<label for=\"field_63n1b3\" id=\"field_63n1b3_label\" class=\"frm_primary_label\">Instalisana snaga fotonaponske elektrane (kW)\r\n\t\t<span class=\"frm_required\" aria-hidden=\"true\">*<\/span>\r\n\t<\/label>\r\n\t<input type=\"text\" id=\"field_63n1b3\" name=\"item_meta[96]\" value=\"\"  data-reqmsg=\"Instalisana snaga fotonaponske elektrane (kW) cannot be blank.\" aria-required=\"true\" data-invmsg=\"Instalisana snaga fotonaponske elektrane (kW) is invalid\" aria-invalid=\"false\"  \/>\r\n\t\r\n\t\r\n<\/div>\n<input type=\"hidden\" name=\"frm_page_order_7\" id=\"frm_page_order_7\" value=\"15\" \/><input type=\"hidden\" name=\"item_meta[98]\" id=\"field_rh9j3\" value=\"\"     \/>\n<input type=\"hidden\" name=\"item_meta[99]\" id=\"field_a417y3\" value=\"\"     \/>\n<input type=\"hidden\" name=\"item_meta[100]\" id=\"field_wj1es3\" value=\"\"     \/>\n<input type=\"hidden\" name=\"item_meta[101]\" id=\"field_sfgi43\" value=\"\"     \/>\n<input type=\"hidden\" name=\"item_meta[102]\" id=\"field_hfmp53\" value=\"\"     \/>\n<input type=\"hidden\" name=\"item_meta[103]\" id=\"field_r4e273\" value=\"\"  autocomplete=\"email\"     \/>\n<input type=\"hidden\" name=\"item_meta[104]\" id=\"field_ssnam3\" value=\"\"     \/>\n<input type=\"hidden\" name=\"item_meta[105]\" id=\"field_az9dd2-0\" value=\"\"     \/>\n<input type=\"hidden\" name=\"item_meta[106]\" id=\"field_mzc1m3\" value=\"\"     \/>\n<input type=\"hidden\" name=\"item_meta[107]\" id=\"field_98oss3\" value=\"\"     \/>\n<input type=\"hidden\" name=\"item_meta[108]\" id=\"field_submit42\" value=\"\"     \/>\n\t<input type=\"hidden\" name=\"item_key\" value=\"\" \/>\n\t\t\t\t<div class=\"frm__678e716f093bb\">\n\t\t\t\t<label for=\"frm_email_7\" >\n\t\t\t\t\tIf you are human, leave this field blank.\t\t\t\t<\/label>\n\t\t\t\t<input  id=\"frm_email_7\" type=\"text\" class=\"frm_verify\" name=\"frm__678e716f093bb\" value=\"\" autocomplete=\"off\"  \/>\n\t\t\t<\/div>\n\t\t<input name=\"frm_state\" type=\"hidden\" value=\"VTqwga6OHqNp7Q1cSW2AALrCy88lnWrCMwGocSXZz98=\" \/><div class=\"frm_submit frm_flex\">\r\n<button class=\"frm_button_submit\" type=\"submit\"  >Sledec\u0301e<\/button>\r\n\r\n\r\n\r\n<\/div><\/div>\n<\/fieldset>\n<\/div>\n\n<\/form>\n<\/div>\n\t\t<\/div>\n\t\t\t\t<\/div>\n\t\t\t\t\t\t<\/div>\n\t\t\t\t\t<\/div>\n\t\t<\/div>\n\t\t\t\t\t\t\t\t<\/div>\n\t\t\t\t\t<\/div>\n\t\t<\/section>\n\t\t\t\t\t\t\t\t\t<\/div>\n\t\t\t<\/div>\n\t\t\t\t\t<\/div>\n\t\t","protected":false},"excerpt":{"rendered":"<p>Zatra\u017eite ponudu za odr\u017eavanje Request a maintenance quote-RS Lokacija, vrsta opreme i kapacitet elektrane Godina izgradnje i izvo\u0111a\u010d radova Kontakt informacije Pregled i potvrda Lokacija fotonaponske elektrane (unesite koordinate) N * E * Fotonaponska elektrana je izgra\u0111ena * na tlu na krov Fotonaponski paneli * Invertori * Instalisana snaga fotonaponske elektrane (kW) * If you<\/p>\n","protected":false},"author":1,"featured_media":0,"parent":0,"menu_order":0,"comment_status":"closed","ping_status":"closed","template":"","meta":{"_uag_custom_page_level_css":"","footnotes":""},"class_list":["post-5846","page","type-page","status-publish","hentry"],"uagb_featured_image_src":{"full":false,"thumbnail":false,"medium":false,"medium_large":false,"large":false,"1536x1536":false,"2048x2048":false},"uagb_author_info":{"display_name":"admin","author_link":"https:\/\/solarspektarag.mk\/sr\/author\/petar_different\/"},"uagb_comment_info":0,"uagb_excerpt":"Zatra\u017eite ponudu za odr\u017eavanje Request a maintenance quote-RS Lokacija, vrsta opreme i kapacitet elektrane Godina izgradnje i izvo\u0111a\u010d radova Kontakt informacije Pregled i potvrda Lokacija fotonaponske elektrane (unesite koordinate) N * E * Fotonaponska elektrana je izgra\u0111ena * na tlu na krov Fotonaponski paneli * Invertori * Instalisana snaga fotonaponske elektrane (kW) * If you","_links":{"self":[{"href":"https:\/\/solarspektarag.mk\/sr\/wp-json\/wp\/v2\/pages\/5846","targetHints":{"allow":["GET"]}}],"collection":[{"href":"https:\/\/solarspektarag.mk\/sr\/wp-json\/wp\/v2\/pages"}],"about":[{"href":"https:\/\/solarspektarag.mk\/sr\/wp-json\/wp\/v2\/types\/page"}],"author":[{"embeddable":true,"href":"https:\/\/solarspektarag.mk\/sr\/wp-json\/wp\/v2\/users\/1"}],"replies":[{"embeddable":true,"href":"https:\/\/solarspektarag.mk\/sr\/wp-json\/wp\/v2\/comments?post=5846"}],"version-history":[{"count":10,"href":"https:\/\/solarspektarag.mk\/sr\/wp-json\/wp\/v2\/pages\/5846\/revisions"}],"predecessor-version":[{"id":8759,"href":"https:\/\/solarspektarag.mk\/sr\/wp-json\/wp\/v2\/pages\/5846\/revisions\/8759"}],"wp:attachment":[{"href":"https:\/\/solarspektarag.mk\/sr\/wp-json\/wp\/v2\/media?parent=5846"}],"curies":[{"name":"wp","href":"https:\/\/api.w.org\/{rel}","templated":true}]}}