{"id":5881,"date":"2025-02-05T13:11:23","date_gmt":"2025-02-05T13:11:23","guid":{"rendered":"https:\/\/solarspektarag.mk\/proekti\/bioenergy-solar\/"},"modified":"2025-07-23T08:08:38","modified_gmt":"2025-07-23T08:08:38","slug":"bioenergy-solar","status":"publish","type":"page","link":"https:\/\/solarspektarag.mk\/sr\/bioenergy-solar\/","title":{"rendered":"BIO ENERD\u017dI SOLAR"},"content":{"rendered":"\t\t<div data-elementor-type=\"wp-page\" data-elementor-id=\"5881\" class=\"elementor elementor-5881\">\n\t\t\t\t\t\t<div class=\"elementor-inner\">\n\t\t\t\t<div class=\"elementor-section-wrap\">\n\t\t\t\t\t\t\t\t\t<section class=\"elementor-section elementor-top-section elementor-element elementor-element-ecc67ff elementor-section-full_width elementor-section-height-min-height elementor-section-content-middle elementor-section-height-default elementor-section-items-middle wpr-particle-no wpr-jarallax-no wpr-parallax-no wpr-sticky-section-no\" data-id=\"ecc67ff\" data-element_type=\"section\" data-settings=\"{&quot;background_background&quot;:&quot;classic&quot;,&quot;shape_divider_bottom&quot;:&quot;opacity-fan&quot;}\">\n\t\t\t\t\t\t\t<div class=\"elementor-background-overlay\"><\/div>\n\t\t\t\t\t\t<div class=\"elementor-shape elementor-shape-bottom\" data-negative=\"false\">\n\t\t\t<svg xmlns=\"http:\/\/www.w3.org\/2000\/svg\" viewBox=\"0 0 283.5 19.6\" preserveAspectRatio=\"none\">\n\t<path class=\"elementor-shape-fill\" style=\"opacity:0.33\" d=\"M0 0L0 18.8 141.8 4.1 283.5 18.8 283.5 0z\"\/>\n\t<path class=\"elementor-shape-fill\" style=\"opacity:0.33\" d=\"M0 0L0 12.6 141.8 4 283.5 12.6 283.5 0z\"\/>\n\t<path class=\"elementor-shape-fill\" style=\"opacity:0.33\" d=\"M0 0L0 6.4 141.8 4 283.5 6.4 283.5 0z\"\/>\n\t<path class=\"elementor-shape-fill\" d=\"M0 0L0 1.2 141.8 4 283.5 1.2 283.5 0z\"\/>\n<\/svg>\t\t<\/div>\n\t\t\t\t\t<div class=\"elementor-container elementor-column-gap-no\">\n\t\t\t\t\t\t\t<div class=\"elementor-row\">\n\t\t\t\t\t<div class=\"elementor-column elementor-col-100 elementor-top-column elementor-element elementor-element-a572c89\" data-id=\"a572c89\" data-element_type=\"column\">\n\t\t\t<div class=\"elementor-column-wrap elementor-element-populated\">\n\t\t\t\t\t\t\t<div class=\"elementor-widget-wrap\">\n\t\t\t\t\t\t<div class=\"elementor-element elementor-element-34cc14f elementor-widget__width-inherit elementor-widget elementor-widget-heading\" data-id=\"34cc14f\" data-element_type=\"widget\" data-widget_type=\"heading.default\">\n\t\t\t\t<div class=\"elementor-widget-container\">\n\t\t\t<h2 class=\"elementor-heading-title elementor-size-default\">BIO ENERD\u017dI SOLAR <\/h2>\t\t<\/div>\n\t\t\t\t<\/div>\n\t\t\t\t\t\t<\/div>\n\t\t\t\t\t<\/div>\n\t\t<\/div>\n\t\t\t\t\t\t\t\t<\/div>\n\t\t\t\t\t<\/div>\n\t\t<\/section>\n\t\t\t\t<section class=\"elementor-section elementor-top-section elementor-element elementor-element-fb31488 elementor-section-boxed elementor-section-height-default elementor-section-height-default wpr-particle-no wpr-jarallax-no wpr-parallax-no wpr-sticky-section-no\" data-id=\"fb31488\" data-element_type=\"section\">\n\t\t\t\t\t\t<div class=\"elementor-container elementor-column-gap-default\">\n\t\t\t\t\t\t\t<div class=\"elementor-row\">\n\t\t\t\t\t<div class=\"elementor-column elementor-col-100 elementor-top-column elementor-element elementor-element-bc92679\" data-id=\"bc92679\" data-element_type=\"column\">\n\t\t\t<div class=\"elementor-column-wrap elementor-element-populated\">\n\t\t\t\t\t\t\t<div class=\"elementor-widget-wrap\">\n\t\t\t\t\t\t<div class=\"elementor-element elementor-element-cfdeaf1 elementor-widget elementor-widget-text-editor\" data-id=\"cfdeaf1\" data-element_type=\"widget\" data-widget_type=\"text-editor.default\">\n\t\t\t\t<div class=\"elementor-widget-container\">\n\t\t\t\t\t\t\t\t<div class=\"elementor-text-editor elementor-clearfix\">\n\t\t\t\t<p>Na teritoriji \u010ce\u0161inovo-Oble\u0161evo, na povr\u0161ini od 2632,6 m<sup>2<\/sup> nalazi se fotonaponska centrala Bio Enerd\u017ei Solar. Postavljeni fotonaponski paneli u okviru centrale su proizvo\u0111a\u010da JA SOLAR, izra\u0111eni od monokristalnog silicijuma, koji pripadaju u top 5 brendova proizvo\u0111a\u010da fotonaponskih panela u svetu. Upotrebljeni inverteri su renomiranog brenda DELTA. Postavljeno je ukupno 1506 panela sa snagom od 335 Wp, odnosno ukupnim proizvodnim kapacitetom od 504,510 kWp i 7 invertera od kojih svaki ima snagu od 70 kW. Ovim proizvodnim kapacitetom Bio Enerd\u017ei Solar doprinosi smanjenju emisija CO<sub>2<\/sub> do 188 tCO<sub>2 <\/sub>godi\u0161nje.<\/p>\t\t\t\t\t<\/div>\n\t\t\t\t\t\t<\/div>\n\t\t\t\t<\/div>\n\t\t\t\t<div class=\"elementor-element elementor-element-f4bb2d0 elementor-widget elementor-widget-image\" data-id=\"f4bb2d0\" data-element_type=\"widget\" data-widget_type=\"image.default\">\n\t\t\t\t<div class=\"elementor-widget-container\">\n\t\t\t\t\t\t\t\t<div class=\"elementor-image\">\n\t\t\t\t\t\t\t\t\t\t\t\t<img decoding=\"async\" width=\"1900\" height=\"1100\" src=\"https:\/\/solarspektarag.mk\/wp-content\/uploads\/2025\/02\/SLIKA_BIO-ENERGY-2.jpg\" class=\"attachment-full size-full wp-image-3727\" alt=\"\" srcset=\"https:\/\/solarspektarag.mk\/wp-content\/uploads\/2025\/02\/SLIKA_BIO-ENERGY-2.jpg 1900w, https:\/\/solarspektarag.mk\/wp-content\/uploads\/2025\/02\/SLIKA_BIO-ENERGY-2-300x174.jpg 300w, https:\/\/solarspektarag.mk\/wp-content\/uploads\/2025\/02\/SLIKA_BIO-ENERGY-2-1024x593.jpg 1024w, https:\/\/solarspektarag.mk\/wp-content\/uploads\/2025\/02\/SLIKA_BIO-ENERGY-2-768x445.jpg 768w, https:\/\/solarspektarag.mk\/wp-content\/uploads\/2025\/02\/SLIKA_BIO-ENERGY-2-1536x889.jpg 1536w\" sizes=\"(max-width: 1900px) 100vw, 1900px\" \/>\t\t\t\t\t\t\t\t\t\t\t\t\t\t<\/div>\n\t\t\t\t\t\t<\/div>\n\t\t\t\t<\/div>\n\t\t\t\t\t\t<\/div>\n\t\t\t\t\t<\/div>\n\t\t<\/div>\n\t\t\t\t\t\t\t\t<\/div>\n\t\t\t\t\t<\/div>\n\t\t<\/section>\n\t\t\t\t\t\t\t\t\t<\/div>\n\t\t\t<\/div>\n\t\t\t\t\t<\/div>\n\t\t","protected":false},"excerpt":{"rendered":"<p>BIO ENERD\u017dI SOLAR Na teritoriji \u010ce\u0161inovo-Oble\u0161evo, na povr\u0161ini od 2632,6 m2 nalazi se fotonaponska centrala Bio Enerd\u017ei Solar. Postavljeni fotonaponski paneli u okviru centrale su proizvo\u0111a\u010da JA SOLAR, izra\u0111eni od monokristalnog silicijuma, koji pripadaju u top 5 brendova proizvo\u0111a\u010da fotonaponskih panela u svetu. Upotrebljeni inverteri su renomiranog brenda DELTA. Postavljeno je ukupno 1506 panela sa<\/p>\n","protected":false},"author":1,"featured_media":0,"parent":0,"menu_order":0,"comment_status":"closed","ping_status":"closed","template":"elementor_header_footer","meta":{"_uag_custom_page_level_css":"","footnotes":""},"class_list":["post-5881","page","type-page","status-publish","hentry"],"uagb_featured_image_src":{"full":false,"thumbnail":false,"medium":false,"medium_large":false,"large":false,"1536x1536":false,"2048x2048":false},"uagb_author_info":{"display_name":"admin","author_link":"https:\/\/solarspektarag.mk\/sr\/author\/petar_different\/"},"uagb_comment_info":0,"uagb_excerpt":"BIO ENERD\u017dI SOLAR Na teritoriji \u010ce\u0161inovo-Oble\u0161evo, na povr\u0161ini od 2632,6 m2 nalazi se fotonaponska centrala Bio Enerd\u017ei Solar. Postavljeni fotonaponski paneli u okviru centrale su proizvo\u0111a\u010da JA SOLAR, izra\u0111eni od monokristalnog silicijuma, koji pripadaju u top 5 brendova proizvo\u0111a\u010da fotonaponskih panela u svetu. Upotrebljeni inverteri su renomiranog brenda DELTA. Postavljeno je ukupno 1506 panela sa","_links":{"self":[{"href":"https:\/\/solarspektarag.mk\/sr\/wp-json\/wp\/v2\/pages\/5881","targetHints":{"allow":["GET"]}}],"collection":[{"href":"https:\/\/solarspektarag.mk\/sr\/wp-json\/wp\/v2\/pages"}],"about":[{"href":"https:\/\/solarspektarag.mk\/sr\/wp-json\/wp\/v2\/types\/page"}],"author":[{"embeddable":true,"href":"https:\/\/solarspektarag.mk\/sr\/wp-json\/wp\/v2\/users\/1"}],"replies":[{"embeddable":true,"href":"https:\/\/solarspektarag.mk\/sr\/wp-json\/wp\/v2\/comments?post=5881"}],"version-history":[{"count":7,"href":"https:\/\/solarspektarag.mk\/sr\/wp-json\/wp\/v2\/pages\/5881\/revisions"}],"predecessor-version":[{"id":8684,"href":"https:\/\/solarspektarag.mk\/sr\/wp-json\/wp\/v2\/pages\/5881\/revisions\/8684"}],"wp:attachment":[{"href":"https:\/\/solarspektarag.mk\/sr\/wp-json\/wp\/v2\/media?parent=5881"}],"curies":[{"name":"wp","href":"https:\/\/api.w.org\/{rel}","templated":true}]}}