{"id":5902,"date":"2025-02-05T13:18:48","date_gmt":"2025-02-05T13:18:48","guid":{"rendered":"https:\/\/solarspektarag.mk\/proekti\/tarinci-solar\/"},"modified":"2025-07-23T08:12:16","modified_gmt":"2025-07-23T08:12:16","slug":"tarinci-solar","status":"publish","type":"page","link":"https:\/\/solarspektarag.mk\/sr\/tarinci-solar\/","title":{"rendered":"TARINCI SOLAR"},"content":{"rendered":"\t\t<div data-elementor-type=\"wp-page\" data-elementor-id=\"5902\" class=\"elementor elementor-5902\">\n\t\t\t\t\t\t<div class=\"elementor-inner\">\n\t\t\t\t<div class=\"elementor-section-wrap\">\n\t\t\t\t\t\t\t\t\t<section class=\"elementor-section elementor-top-section elementor-element elementor-element-52ea86c8 elementor-section-full_width elementor-section-height-min-height elementor-section-content-middle elementor-section-height-default elementor-section-items-middle wpr-particle-no wpr-jarallax-no wpr-parallax-no wpr-sticky-section-no\" data-id=\"52ea86c8\" data-element_type=\"section\" data-settings=\"{&quot;background_background&quot;:&quot;classic&quot;,&quot;shape_divider_bottom&quot;:&quot;opacity-fan&quot;}\">\n\t\t\t\t\t\t\t<div class=\"elementor-background-overlay\"><\/div>\n\t\t\t\t\t\t<div class=\"elementor-shape elementor-shape-bottom\" data-negative=\"false\">\n\t\t\t<svg xmlns=\"http:\/\/www.w3.org\/2000\/svg\" viewBox=\"0 0 283.5 19.6\" preserveAspectRatio=\"none\">\n\t<path class=\"elementor-shape-fill\" style=\"opacity:0.33\" d=\"M0 0L0 18.8 141.8 4.1 283.5 18.8 283.5 0z\"\/>\n\t<path class=\"elementor-shape-fill\" style=\"opacity:0.33\" d=\"M0 0L0 12.6 141.8 4 283.5 12.6 283.5 0z\"\/>\n\t<path class=\"elementor-shape-fill\" style=\"opacity:0.33\" d=\"M0 0L0 6.4 141.8 4 283.5 6.4 283.5 0z\"\/>\n\t<path class=\"elementor-shape-fill\" d=\"M0 0L0 1.2 141.8 4 283.5 1.2 283.5 0z\"\/>\n<\/svg>\t\t<\/div>\n\t\t\t\t\t<div class=\"elementor-container elementor-column-gap-no\">\n\t\t\t\t\t\t\t<div class=\"elementor-row\">\n\t\t\t\t\t<div class=\"elementor-column elementor-col-100 elementor-top-column elementor-element elementor-element-31675a9a\" data-id=\"31675a9a\" data-element_type=\"column\">\n\t\t\t<div class=\"elementor-column-wrap elementor-element-populated\">\n\t\t\t\t\t\t\t<div class=\"elementor-widget-wrap\">\n\t\t\t\t\t\t<div class=\"elementor-element elementor-element-3142819c elementor-widget__width-inherit elementor-widget elementor-widget-heading\" data-id=\"3142819c\" data-element_type=\"widget\" data-widget_type=\"heading.default\">\n\t\t\t\t<div class=\"elementor-widget-container\">\n\t\t\t<h2 class=\"elementor-heading-title elementor-size-default\">TARINCI SOLAR <\/h2>\t\t<\/div>\n\t\t\t\t<\/div>\n\t\t\t\t\t\t<\/div>\n\t\t\t\t\t<\/div>\n\t\t<\/div>\n\t\t\t\t\t\t\t\t<\/div>\n\t\t\t\t\t<\/div>\n\t\t<\/section>\n\t\t\t\t<section class=\"elementor-section elementor-top-section elementor-element elementor-element-9d02b31 elementor-section-boxed elementor-section-height-default elementor-section-height-default wpr-particle-no wpr-jarallax-no wpr-parallax-no wpr-sticky-section-no\" data-id=\"9d02b31\" data-element_type=\"section\">\n\t\t\t\t\t\t<div class=\"elementor-container elementor-column-gap-default\">\n\t\t\t\t\t\t\t<div class=\"elementor-row\">\n\t\t\t\t\t<div class=\"elementor-column elementor-col-100 elementor-top-column elementor-element elementor-element-9aef63f\" data-id=\"9aef63f\" data-element_type=\"column\">\n\t\t\t<div class=\"elementor-column-wrap elementor-element-populated\">\n\t\t\t\t\t\t\t<div class=\"elementor-widget-wrap\">\n\t\t\t\t\t\t<div class=\"elementor-element elementor-element-ab601e8 elementor-widget elementor-widget-text-editor\" data-id=\"ab601e8\" data-element_type=\"widget\" data-widget_type=\"text-editor.default\">\n\t\t\t\t<div class=\"elementor-widget-container\">\n\t\t\t\t\t\t\t\t<div class=\"elementor-text-editor elementor-clearfix\">\n\t\t\t\t<p>Na teritoriji \u0160tipa, na povr\u0161ini od 7.724 m<sup>2\u00a0 <\/sup>nalazi se fotonaponska centrala Tarinci Solar. Postavljeni fotonaponski paneli u okviru centrale su proizvo\u0111a\u010da JA SOLAR, izra\u0111eni od monokristalnog silicijuma, koji pripadaju u top 5 brendova proizvo\u0111a\u010da fotonaponskih panela u svetu. Upotrebljeni inverteri su renomiranog brenda DELTA. Postavljeno je ukupno 2990 panela sa snagom od 595 Wp, odnosno ukupnim proizvodnim kapacitetom od 1629,55 kWp i 13 invertera od kojih svaki ima snagu od 125 kW. Ovim proizvodnim kapacitetom Tarinci Solar doprinosi smanjenju emisija CO<sub>2<\/sub> do 875 tCO<sub>2 <\/sub>godi\u0161nje.<\/p>\t\t\t\t\t<\/div>\n\t\t\t\t\t\t<\/div>\n\t\t\t\t<\/div>\n\t\t\t\t<div class=\"elementor-element elementor-element-c3ab2ab elementor-widget elementor-widget-image\" data-id=\"c3ab2ab\" data-element_type=\"widget\" data-widget_type=\"image.default\">\n\t\t\t\t<div class=\"elementor-widget-container\">\n\t\t\t\t\t\t\t\t<div class=\"elementor-image\">\n\t\t\t\t\t\t\t\t\t\t\t\t<img decoding=\"async\" width=\"1024\" height=\"593\" src=\"https:\/\/solarspektarag.mk\/wp-content\/uploads\/2025\/02\/SLIKA_TARINCI-1024x593.jpg\" class=\"attachment-large size-large wp-image-3735\" alt=\"\" srcset=\"https:\/\/solarspektarag.mk\/wp-content\/uploads\/2025\/02\/SLIKA_TARINCI-1024x593.jpg 1024w, https:\/\/solarspektarag.mk\/wp-content\/uploads\/2025\/02\/SLIKA_TARINCI-300x174.jpg 300w, https:\/\/solarspektarag.mk\/wp-content\/uploads\/2025\/02\/SLIKA_TARINCI-768x445.jpg 768w, https:\/\/solarspektarag.mk\/wp-content\/uploads\/2025\/02\/SLIKA_TARINCI-1536x889.jpg 1536w, https:\/\/solarspektarag.mk\/wp-content\/uploads\/2025\/02\/SLIKA_TARINCI.jpg 1900w\" sizes=\"(max-width: 1024px) 100vw, 1024px\" \/>\t\t\t\t\t\t\t\t\t\t\t\t\t\t<\/div>\n\t\t\t\t\t\t<\/div>\n\t\t\t\t<\/div>\n\t\t\t\t\t\t<\/div>\n\t\t\t\t\t<\/div>\n\t\t<\/div>\n\t\t\t\t\t\t\t\t<\/div>\n\t\t\t\t\t<\/div>\n\t\t<\/section>\n\t\t\t\t\t\t\t\t\t<\/div>\n\t\t\t<\/div>\n\t\t\t\t\t<\/div>\n\t\t","protected":false},"excerpt":{"rendered":"<p>TARINCI SOLAR Na teritoriji \u0160tipa, na povr\u0161ini od 7.724 m2\u00a0 nalazi se fotonaponska centrala Tarinci Solar. Postavljeni fotonaponski paneli u okviru centrale su proizvo\u0111a\u010da JA SOLAR, izra\u0111eni od monokristalnog silicijuma, koji pripadaju u top 5 brendova proizvo\u0111a\u010da fotonaponskih panela u svetu. Upotrebljeni inverteri su renomiranog brenda DELTA. Postavljeno je ukupno 2990 panela sa snagom od<\/p>\n","protected":false},"author":1,"featured_media":0,"parent":0,"menu_order":0,"comment_status":"closed","ping_status":"closed","template":"","meta":{"_uag_custom_page_level_css":"","footnotes":""},"class_list":["post-5902","page","type-page","status-publish","hentry"],"uagb_featured_image_src":{"full":false,"thumbnail":false,"medium":false,"medium_large":false,"large":false,"1536x1536":false,"2048x2048":false},"uagb_author_info":{"display_name":"admin","author_link":"https:\/\/solarspektarag.mk\/sr\/author\/petar_different\/"},"uagb_comment_info":0,"uagb_excerpt":"TARINCI SOLAR Na teritoriji \u0160tipa, na povr\u0161ini od 7.724 m2\u00a0 nalazi se fotonaponska centrala Tarinci Solar. Postavljeni fotonaponski paneli u okviru centrale su proizvo\u0111a\u010da JA SOLAR, izra\u0111eni od monokristalnog silicijuma, koji pripadaju u top 5 brendova proizvo\u0111a\u010da fotonaponskih panela u svetu. Upotrebljeni inverteri su renomiranog brenda DELTA. Postavljeno je ukupno 2990 panela sa snagom od","_links":{"self":[{"href":"https:\/\/solarspektarag.mk\/sr\/wp-json\/wp\/v2\/pages\/5902","targetHints":{"allow":["GET"]}}],"collection":[{"href":"https:\/\/solarspektarag.mk\/sr\/wp-json\/wp\/v2\/pages"}],"about":[{"href":"https:\/\/solarspektarag.mk\/sr\/wp-json\/wp\/v2\/types\/page"}],"author":[{"embeddable":true,"href":"https:\/\/solarspektarag.mk\/sr\/wp-json\/wp\/v2\/users\/1"}],"replies":[{"embeddable":true,"href":"https:\/\/solarspektarag.mk\/sr\/wp-json\/wp\/v2\/comments?post=5902"}],"version-history":[{"count":7,"href":"https:\/\/solarspektarag.mk\/sr\/wp-json\/wp\/v2\/pages\/5902\/revisions"}],"predecessor-version":[{"id":8732,"href":"https:\/\/solarspektarag.mk\/sr\/wp-json\/wp\/v2\/pages\/5902\/revisions\/8732"}],"wp:attachment":[{"href":"https:\/\/solarspektarag.mk\/sr\/wp-json\/wp\/v2\/media?parent=5902"}],"curies":[{"name":"wp","href":"https:\/\/api.w.org\/{rel}","templated":true}]}}