{"id":9059,"date":"2025-12-29T11:29:39","date_gmt":"2025-12-29T11:29:39","guid":{"rendered":"https:\/\/solarspektarag.mk\/dolani-solar\/"},"modified":"2025-12-29T11:55:40","modified_gmt":"2025-12-29T11:55:40","slug":"dolani-solar","status":"publish","type":"page","link":"https:\/\/solarspektarag.mk\/sr\/dolani-solar\/","title":{"rendered":"DOLANI SOLAR"},"content":{"rendered":"\t\t<div data-elementor-type=\"wp-page\" data-elementor-id=\"9059\" class=\"elementor elementor-9059\">\n\t\t\t\t\t\t<div class=\"elementor-inner\">\n\t\t\t\t<div class=\"elementor-section-wrap\">\n\t\t\t\t\t\t\t\t\t<section class=\"elementor-section elementor-top-section elementor-element elementor-element-52ea86c8 elementor-section-full_width elementor-section-height-min-height elementor-section-content-middle elementor-section-height-default elementor-section-items-middle wpr-particle-no wpr-jarallax-no wpr-parallax-no wpr-sticky-section-no\" data-id=\"52ea86c8\" data-element_type=\"section\" data-settings=\"{&quot;background_background&quot;:&quot;classic&quot;,&quot;shape_divider_bottom&quot;:&quot;opacity-fan&quot;}\">\n\t\t\t\t\t\t\t<div class=\"elementor-background-overlay\"><\/div>\n\t\t\t\t\t\t<div class=\"elementor-shape elementor-shape-bottom\" data-negative=\"false\">\n\t\t\t<svg xmlns=\"http:\/\/www.w3.org\/2000\/svg\" viewBox=\"0 0 283.5 19.6\" preserveAspectRatio=\"none\">\n\t<path class=\"elementor-shape-fill\" style=\"opacity:0.33\" d=\"M0 0L0 18.8 141.8 4.1 283.5 18.8 283.5 0z\"\/>\n\t<path class=\"elementor-shape-fill\" style=\"opacity:0.33\" d=\"M0 0L0 12.6 141.8 4 283.5 12.6 283.5 0z\"\/>\n\t<path class=\"elementor-shape-fill\" style=\"opacity:0.33\" d=\"M0 0L0 6.4 141.8 4 283.5 6.4 283.5 0z\"\/>\n\t<path class=\"elementor-shape-fill\" d=\"M0 0L0 1.2 141.8 4 283.5 1.2 283.5 0z\"\/>\n<\/svg>\t\t<\/div>\n\t\t\t\t\t<div class=\"elementor-container elementor-column-gap-no\">\n\t\t\t\t\t\t\t<div class=\"elementor-row\">\n\t\t\t\t\t<div class=\"elementor-column elementor-col-100 elementor-top-column elementor-element elementor-element-31675a9a\" data-id=\"31675a9a\" data-element_type=\"column\">\n\t\t\t<div class=\"elementor-column-wrap elementor-element-populated\">\n\t\t\t\t\t\t\t<div class=\"elementor-widget-wrap\">\n\t\t\t\t\t\t<div class=\"elementor-element elementor-element-3142819c elementor-widget__width-inherit elementor-widget elementor-widget-heading\" data-id=\"3142819c\" data-element_type=\"widget\" data-widget_type=\"heading.default\">\n\t\t\t\t<div class=\"elementor-widget-container\">\n\t\t\t<h2 class=\"elementor-heading-title elementor-size-default\"><a href=\"\/dolani-solar\">DOLANI SOLAR<\/a><\/h2>\t\t<\/div>\n\t\t\t\t<\/div>\n\t\t\t\t\t\t<\/div>\n\t\t\t\t\t<\/div>\n\t\t<\/div>\n\t\t\t\t\t\t\t\t<\/div>\n\t\t\t\t\t<\/div>\n\t\t<\/section>\n\t\t\t\t<section class=\"elementor-section elementor-top-section elementor-element elementor-element-9d02b31 elementor-section-boxed elementor-section-height-default elementor-section-height-default wpr-particle-no wpr-jarallax-no wpr-parallax-no wpr-sticky-section-no\" data-id=\"9d02b31\" data-element_type=\"section\">\n\t\t\t\t\t\t<div class=\"elementor-container elementor-column-gap-default\">\n\t\t\t\t\t\t\t<div class=\"elementor-row\">\n\t\t\t\t\t<div class=\"elementor-column elementor-col-100 elementor-top-column elementor-element elementor-element-9aef63f\" data-id=\"9aef63f\" data-element_type=\"column\">\n\t\t\t<div class=\"elementor-column-wrap elementor-element-populated\">\n\t\t\t\t\t\t\t<div class=\"elementor-widget-wrap\">\n\t\t\t\t\t\t<div class=\"elementor-element elementor-element-ab601e8 elementor-widget elementor-widget-text-editor\" data-id=\"ab601e8\" data-element_type=\"widget\" data-widget_type=\"text-editor.default\">\n\t\t\t\t<div class=\"elementor-widget-container\">\n\t\t\t\t\t\t\t\t<div class=\"elementor-text-editor elementor-clearfix\">\n\t\t\t\t<p>Sa posebnim ponosom objavljujemo najve\u0107i projekat koji je Solar Spektar AG do sada realizovao \u2014 \u010detiri fotonaponske elektrane ukupne instalisane snage 18,5 MWp, na teritoriji Op\u0161tine \u0160tip.<\/p>\n<p>U 2025. godini, BIG Solar je izvr\u0161io zna\u010dajnu investiciju u nove zelene proizvodne kapacitete, sa jasnom vizijom: ubrzanje energetske tranzicije i pove\u0107anje proizvodnje elektri\u010dne energije iz obnovljivih izvora. Rezultat je projekat koji postavlja nove standarde u pogledu obima, dinamike izvo\u0111enja i tehni\u010dke realizacije na doma\u0107em solarnom tr\u017ei\u0161tu.<\/p>\n<p>Kao partner zadu\u017een za kompletno projektovanje, in\u017eenjering i izvo\u0111enje radova, tim Solar Spektar AG je u roku od svega devet meseci uspe\u0161no izgradio i pustio u rad elektrane: DOLANI SOLAR 1, DOLANI SOLAR 2, DOLANI SOLAR 3 i DOLANI SOLAR 4 \u2014 kompleksan projekat realizovan uz visok nivo organizacije, preciznosti i odgovornosti.<\/p>\n<p>U okviru ukupnog proizvodnog kapaciteta od 18,5 MWp, instalirano je 30.188 bifacijalnih JA Solar panela snage 615 Wp, postavljenih na konstrukciju na\u0161eg dugogodi\u0161njeg partnera Metaloumin SA. Sistem je podr\u017ean sa 54 HUAWEI invertora (215 kW i 330 kW), \u010dime se obezbe\u0111uju visoka efikasnost, pouzdan rad i optimalne performanse u realnim uslovima.<\/p>\n<p>Sa o\u010dekivanom godi\u0161njom proizvodnjom od 26.011,22 MWh, projekat \u0107e doprineti smanjenju emisija za 15.259 t CO\u2082 godi\u0161nje \u2014 merljiv efekat koji direktno potvr\u0111uje vrednost investicije i njen pozitivan uticaj na \u017eivotnu sredinu.<\/p>\n<p>Ovo je vi\u0161e od projekta \u2014 ovo je sna\u017ena potvrda kapaciteta kompanije Solar Spektar AG da isporu\u010di velika, kompleksna i visoko efikasna energetska re\u0161enja po principu \u201eklju\u010d u ruke\u201c. Uspeh kompanija BIG Solar i Solar Spektar AG najbolje se meri rezultatima: stabilnom proizvodnjom, sna\u017enim performansama i brojkama koje svakodnevno potvr\u0111uju kvalitet izvedenih radova.<\/p>\n<p>Solar Spektar AG \u2014 in\u017eenjering koji stvara energiju, vrednost i budu\u0107nost.<\/p>\t\t\t\t\t<\/div>\n\t\t\t\t\t\t<\/div>\n\t\t\t\t<\/div>\n\t\t\t\t<div class=\"elementor-element elementor-element-c3ab2ab elementor-widget elementor-widget-image\" data-id=\"c3ab2ab\" data-element_type=\"widget\" data-widget_type=\"image.default\">\n\t\t\t\t<div class=\"elementor-widget-container\">\n\t\t\t\t\t\t\t\t<div class=\"elementor-image\">\n\t\t\t\t\t\t\t\t\t\t\t\t<img decoding=\"async\" width=\"1920\" height=\"1440\" src=\"https:\/\/solarspektarag.mk\/wp-content\/uploads\/2025\/12\/DJI_20250916124855_0002_V-2-scaled.jpg\" class=\"attachment-full size-full wp-image-9015\" alt=\"\" srcset=\"https:\/\/solarspektarag.mk\/wp-content\/uploads\/2025\/12\/DJI_20250916124855_0002_V-2-scaled.jpg 1920w, https:\/\/solarspektarag.mk\/wp-content\/uploads\/2025\/12\/DJI_20250916124855_0002_V-2-300x225.jpg 300w, https:\/\/solarspektarag.mk\/wp-content\/uploads\/2025\/12\/DJI_20250916124855_0002_V-2-1024x768.jpg 1024w, https:\/\/solarspektarag.mk\/wp-content\/uploads\/2025\/12\/DJI_20250916124855_0002_V-2-768x576.jpg 768w, https:\/\/solarspektarag.mk\/wp-content\/uploads\/2025\/12\/DJI_20250916124855_0002_V-2-1536x1152.jpg 1536w, https:\/\/solarspektarag.mk\/wp-content\/uploads\/2025\/12\/DJI_20250916124855_0002_V-2-2048x1536.jpg 2048w\" sizes=\"(max-width: 1920px) 100vw, 1920px\" \/>\t\t\t\t\t\t\t\t\t\t\t\t\t\t<\/div>\n\t\t\t\t\t\t<\/div>\n\t\t\t\t<\/div>\n\t\t\t\t\t\t<\/div>\n\t\t\t\t\t<\/div>\n\t\t<\/div>\n\t\t\t\t\t\t\t\t<\/div>\n\t\t\t\t\t<\/div>\n\t\t<\/section>\n\t\t\t\t\t\t\t\t\t<\/div>\n\t\t\t<\/div>\n\t\t\t\t\t<\/div>\n\t\t","protected":false},"excerpt":{"rendered":"<p>DOLANI SOLAR Sa posebnim ponosom objavljujemo najve\u0107i projekat koji je Solar Spektar AG do sada realizovao \u2014 \u010detiri fotonaponske elektrane ukupne instalisane snage 18,5 MWp, na teritoriji Op\u0161tine \u0160tip. U 2025. godini, BIG Solar je izvr\u0161io zna\u010dajnu investiciju u nove zelene proizvodne kapacitete, sa jasnom vizijom: ubrzanje energetske tranzicije i pove\u0107anje proizvodnje elektri\u010dne energije iz<\/p>\n","protected":false},"author":1,"featured_media":9017,"parent":0,"menu_order":0,"comment_status":"closed","ping_status":"closed","template":"","meta":{"_uag_custom_page_level_css":"","footnotes":""},"class_list":["post-9059","page","type-page","status-publish","has-post-thumbnail","hentry"],"uagb_featured_image_src":{"full":["https:\/\/solarspektarag.mk\/wp-content\/uploads\/2025\/12\/DJI_20250916124855_0002_V-2-scaled.jpg",1920,1440,false],"thumbnail":["https:\/\/solarspektarag.mk\/wp-content\/uploads\/2025\/12\/DJI_20250916124855_0002_V-2-150x150.jpg",150,150,true],"medium":["https:\/\/solarspektarag.mk\/wp-content\/uploads\/2025\/12\/DJI_20250916124855_0002_V-2-300x225.jpg",300,225,true],"medium_large":["https:\/\/solarspektarag.mk\/wp-content\/uploads\/2025\/12\/DJI_20250916124855_0002_V-2-768x576.jpg",768,576,true],"large":["https:\/\/solarspektarag.mk\/wp-content\/uploads\/2025\/12\/DJI_20250916124855_0002_V-2-1024x768.jpg",1024,768,true],"1536x1536":["https:\/\/solarspektarag.mk\/wp-content\/uploads\/2025\/12\/DJI_20250916124855_0002_V-2-1536x1152.jpg",1536,1152,true],"2048x2048":["https:\/\/solarspektarag.mk\/wp-content\/uploads\/2025\/12\/DJI_20250916124855_0002_V-2-2048x1536.jpg",2048,1536,true]},"uagb_author_info":{"display_name":"admin","author_link":"https:\/\/solarspektarag.mk\/sr\/author\/petar_different\/"},"uagb_comment_info":0,"uagb_excerpt":"DOLANI SOLAR Sa posebnim ponosom objavljujemo najve\u0107i projekat koji je Solar Spektar AG do sada realizovao \u2014 \u010detiri fotonaponske elektrane ukupne instalisane snage 18,5 MWp, na teritoriji Op\u0161tine \u0160tip. U 2025. godini, BIG Solar je izvr\u0161io zna\u010dajnu investiciju u nove zelene proizvodne kapacitete, sa jasnom vizijom: ubrzanje energetske tranzicije i pove\u0107anje proizvodnje elektri\u010dne energije iz","_links":{"self":[{"href":"https:\/\/solarspektarag.mk\/sr\/wp-json\/wp\/v2\/pages\/9059","targetHints":{"allow":["GET"]}}],"collection":[{"href":"https:\/\/solarspektarag.mk\/sr\/wp-json\/wp\/v2\/pages"}],"about":[{"href":"https:\/\/solarspektarag.mk\/sr\/wp-json\/wp\/v2\/types\/page"}],"author":[{"embeddable":true,"href":"https:\/\/solarspektarag.mk\/sr\/wp-json\/wp\/v2\/users\/1"}],"replies":[{"embeddable":true,"href":"https:\/\/solarspektarag.mk\/sr\/wp-json\/wp\/v2\/comments?post=9059"}],"version-history":[{"count":4,"href":"https:\/\/solarspektarag.mk\/sr\/wp-json\/wp\/v2\/pages\/9059\/revisions"}],"predecessor-version":[{"id":9067,"href":"https:\/\/solarspektarag.mk\/sr\/wp-json\/wp\/v2\/pages\/9059\/revisions\/9067"}],"wp:featuredmedia":[{"embeddable":true,"href":"https:\/\/solarspektarag.mk\/sr\/wp-json\/wp\/v2\/media\/9017"}],"wp:attachment":[{"href":"https:\/\/solarspektarag.mk\/sr\/wp-json\/wp\/v2\/media?parent=9059"}],"curies":[{"name":"wp","href":"https:\/\/api.w.org\/{rel}","templated":true}]}}